{"id":9,"date":"2014-10-08T09:49:39","date_gmt":"2014-10-08T07:49:39","guid":{"rendered":"https:\/\/www.roehrsdorfer-kinderwelt.de\/?page_id=9"},"modified":"2025-07-19T22:05:56","modified_gmt":"2025-07-19T20:05:56","slug":"hort-beethovenweg","status":"publish","type":"page","link":"http:\/\/roehrsdorfer-kinderwelt.de\/?page_id=9","title":{"rendered":"Hort Beethovenweg"},"content":{"rendered":"<h1>Hort Beethovenweg<\/h1>\n<div class=\"n2_ss_slider_publish__option_code\" dir=\"ltr\" data-mode=\"id\"><\/div>\n<h2>Wir stellen uns vor<\/h2>\n<div style=\"width: 640px;\" class=\"wp-video\"><video class=\"wp-video-shortcode\" id=\"video-9-1\" width=\"640\" height=\"360\" preload=\"metadata\" controls=\"controls\"><source type=\"video\/mp4\" src=\"https:\/\/www.roehrsdorfer-kinderwelt.de\/wp-content\/uploads\/2020\/08\/Ro\u0308hrsdorfer_Kinderwelt_Image_Film_2.mp4?_=1\" \/><a href=\"https:\/\/www.roehrsdorfer-kinderwelt.de\/wp-content\/uploads\/2020\/08\/Ro\u0308hrsdorfer_Kinderwelt_Image_Film_2.mp4\">https:\/\/www.roehrsdorfer-kinderwelt.de\/wp-content\/uploads\/2020\/08\/Ro\u0308hrsdorfer_Kinderwelt_Image_Film_2.mp4<\/a><\/video><\/div>\n<h2>Unsere Mitarbeiter<\/h2>\n<table width=\"100%\">\n<tbody>\n<tr>\n<th width=\"340\">Funktion<\/th>\n<th>Name<\/th>\n<\/tr>\n<tr>\n<td><strong>Leitung<\/strong><\/td>\n<td>Frau Parthum und Frau Eichelberger<\/td>\n<\/tr>\n<tr>\n<td>\u00a0<\/td>\n<td>\u00a0<\/td>\n<\/tr>\n<tr>\n<td><strong>Verwaltung<\/strong><\/td>\n<td>Frau Eichelberger<\/td>\n<\/tr>\n<tr>\n<td><strong>P\u00e4dagogische Fachkr\u00e4fte<\/strong><\/td>\n<td>\n<p>Frau Groth<br \/>Frau Martin<br \/>Frau Lehmann<br \/>Frau Reinhardt<\/p>\n<\/td>\n<\/tr>\n<tr>\n<td><strong>Technische Mitarbeiter<\/strong><\/td>\n<td>Frau M\u00fcller<br \/>Herr Malec<\/td>\n<\/tr>\n<\/tbody>\n<\/table>\n<h2>Anfahrt<\/h2>\n\n\n<iframe loading=\"lazy\" src=\"https:\/\/www.google.com\/maps\/embed?pb=!1m18!1m12!1m3!1d2518.3037556721874!2d12.83334265180306!3d50.862576079433744!2m3!1f0!2f0!3f0!3m2!1i1024!2i768!4f13.1!3m3!1m2!1s0x47a73890f45fcbc9%3A0xd3135666cac1140e!2sBeethovenweg%2044%2C%2009247%20Chemnitz!5e0!3m2!1sde!2sde!4v1597852279331!5m2!1sde!2sde\" style=\"border:0;\" allowfullscreen=\"\" aria-hidden=\"false\" tabindex=\"0\" width=\"950\" height=\"600\" frameborder=\"0\"><\/iframe>\n\n\n\n<p><\/p>\n","protected":false},"excerpt":{"rendered":"<p>Hort Beethovenweg Wir stellen uns vor Unsere Mitarbeiter Funktion Name Leitung Frau Parthum und Frau Eichelberger \u00a0 \u00a0 Verwaltung Frau Eichelberger P\u00e4dagogische Fachkr\u00e4fte Frau GrothFrau MartinFrau LehmannFrau Reinhardt Technische Mitarbeiter Frau M\u00fcllerHerr Malec Anfahrt<\/p>\n","protected":false},"author":3,"featured_media":0,"parent":0,"menu_order":2,"comment_status":"closed","ping_status":"closed","template":"","meta":{"footnotes":""},"class_list":["post-9","page","type-page","status-publish","hentry"],"_links":{"self":[{"href":"http:\/\/roehrsdorfer-kinderwelt.de\/index.php?rest_route=\/wp\/v2\/pages\/9","targetHints":{"allow":["GET"]}}],"collection":[{"href":"http:\/\/roehrsdorfer-kinderwelt.de\/index.php?rest_route=\/wp\/v2\/pages"}],"about":[{"href":"http:\/\/roehrsdorfer-kinderwelt.de\/index.php?rest_route=\/wp\/v2\/types\/page"}],"author":[{"embeddable":true,"href":"http:\/\/roehrsdorfer-kinderwelt.de\/index.php?rest_route=\/wp\/v2\/users\/3"}],"replies":[{"embeddable":true,"href":"http:\/\/roehrsdorfer-kinderwelt.de\/index.php?rest_route=%2Fwp%2Fv2%2Fcomments&post=9"}],"version-history":[{"count":49,"href":"http:\/\/roehrsdorfer-kinderwelt.de\/index.php?rest_route=\/wp\/v2\/pages\/9\/revisions"}],"predecessor-version":[{"id":12622,"href":"http:\/\/roehrsdorfer-kinderwelt.de\/index.php?rest_route=\/wp\/v2\/pages\/9\/revisions\/12622"}],"wp:attachment":[{"href":"http:\/\/roehrsdorfer-kinderwelt.de\/index.php?rest_route=%2Fwp%2Fv2%2Fmedia&parent=9"}],"curies":[{"name":"wp","href":"https:\/\/api.w.org\/{rel}","templated":true}]}}