{"id":2,"date":"2014-09-30T08:00:50","date_gmt":"2014-09-30T08:00:50","guid":{"rendered":"https:\/\/www.roehrsdorfer-kinderwelt.de\/?page_id=2"},"modified":"2026-03-19T21:52:48","modified_gmt":"2026-03-19T19:52:48","slug":"beispiel-seite","status":"publish","type":"page","link":"https:\/\/roehrsdorfer-kinderwelt.de\/","title":{"rendered":"R\u00f6hrsdorfer Kinderwelt e.V."},"content":{"rendered":"\n<div style=\"display: table;\">\n<div style=\"display: table-row;\">\n<div style=\"display: table-cell; vertical-align: top; padding: 5px;\">\n<h1>R\u00f6hrsdorfer Kinderwelt e.V.<\/h1>\n<br><br>\n<br><br>\n\n<p><span style=\"color: #ff0000;\"><br><\/span>Unser Verein R\u00f6hrsdorfer Kinderwelt e.V. ist eine Elterninitiative, die im November 1997 von 17 Mitgliedern gegr\u00fcndet wurde. Die Anerkennung als Tr\u00e4ger der freien Jungendhilfe erwarb sich unser Verein im Jahre 1998 und betreibt seit Januar 1999 die Kindertagesst\u00e4tte mit dem Kindergarten am Rathausplatz 6 und dem Hort im Grundschulgel\u00e4nde auf dem Beethovenweg 44.<\/p>\n<\/div>\n<!--<figure><a href=\"https:\/\/www.schulengel.de\/einrichtungen\/details\/5486-roehrsdorfer-kinderwelt-ev?utm_source=einrichtungsseite&amp;utm_medium=spendenbanner&amp;utm_campaign=spendenbanner135x134\" target=\"_blank\" rel=\"noopener noreferrer\"><img decoding=\"async\" src=\"https:\/\/www.schulengel.de\/widgets\/spendenbanner135x134-5486.png\" border=\"0\"><\/a><\/figure><div style=\"display: table-cell; text-align: right; width: 150px; padding: 5px;float: right;\"><\/div><br>-->\n<!--<div style=\"float: center; text-align: center;padding-left:5%;\"> <span style=\"background-color: rgba(0, 176, 21, 0.0)\" \"=\"\"><h4>Wir suchen <b>Verst\u00e4rkung<\/b><br> f\u00fcr unser <b>Team<\/b>!<\/h4> <span><a style=\"color:#ea8629; size: 14px;\" href=\"https:\/\/www.roehrsdorfer-kinderwelt.de\/?page_id=12382\">Zu den Stellenangeboten<\/a><\/span><br><br><\/span> <\/div>-->\n\n<\/div>\n<\/div>\n\n\n\n<p>Der &#8222;Betrieb Kindertagesst\u00e4tte&#8220; umfasste zu Beginn 75 Kindergartenkinder im Alter von 2 bis 6\/7 Jahren sowie 50 Hortkinder von Klasse 1 bis 4. Betreut wurden diese Kinder von neun p\u00e4dagogischen Mitarbeitern unterst\u00fctzt von drei technischen Besch\u00e4ftigten. Mittlerweile hat sich aufgrund des hohen Bedarfes in R\u00f6hrsdorf die Kapazit\u00e4t deutlich erh\u00f6ht.<\/p>\n\n\n\n<p>Ab 2011 werden am Rathausplatz bis zu 85 Kinder vom 1. bis zum 5. Lebensjahr &#8222;wohnen&#8220; und im separaten Hort am Beethovenweg 44 auf dem Gel\u00e4nde der Grundschule sowie in den neuen R\u00e4umlichkeiten (ehemalige &#8222;Drei Tore&#8220;) 100 Hortkinder und bis zu 29 zuk\u00fcnftige Schulanf\u00e4nger (\u00e4ltere Kindergartengruppe) vielf\u00e4ltigen und interessanten Lebensraum finden.<br>Mindestens ein Elternteil ist Mitglied im Verein und hat somit die M\u00f6glichkeit, auf vielen Ebenen Mitarbeiter, andere Eltern und Gro\u00dfeltern kennen zu lernen und Vertrauen aufzubauen, das Mitspracherecht bei der Gestaltung des Vereins- und Kindergartenlebens zu nutzen und sich aktiv f\u00fcr unsere R\u00f6hrsdorfer Kinder einzubringen.<\/p>\n\n\n\n<p>Im jeweiligen <a href=\"https:\/\/www.roehrsdorfer-kinderwelt.de\/wp-content\/uploads\/2024\/03\/Jahresplan2024_25-2.pdf\" target=\"_blank\" rel=\"noreferrer noopener\">Jahresplan<\/a> sind die anstehenden Aktivit\u00e4ten aufgef\u00fchrt. Jeder ist dazu mit Freunden und Bekannten herzlich eingeladen. Wir freuen uns auf eine partnerschaftliche, vertrauensvolle, konstruktive Zusammenarbeit mit Ihnen.<\/p>\n\n\n\n<p>Der Vorstand des Vereins (7 Mitglieder) wird alle zwei Jahre von der Mitgliederversammlung gew\u00e4hlt und entscheidet als Arbeitgeber \u00fcber den Betrieb der Kindertagesst\u00e4tte. Nunmehr sind 20 p\u00e4dagogische Fachkr\u00e4fte, 1 Verwaltungskraft und 4 technische Mitarbeiter angestellt. Somit ist unsere Elterninitiative zu einem mittelgro\u00dfen Unternehmen gewachsen.<\/p>\n\n\n\n<h2 class=\"wp-block-heading\">Unser Vorstand<\/h2>\n\n\n\n<figure class=\"wp-block-table\"><table><tbody><tr><th>Funktion<\/th><th>Name<\/th><\/tr><tr><td><strong>Vorsitzender<\/strong><\/td><td>Herr Schuler<\/td><\/tr><tr><td><strong>Stellvertretende Vorsitzende<\/strong><\/td><td>Frau M\u00fcller<\/td><\/tr><tr><td><strong>Kassenwart<\/strong><\/td><td>Frau Gertig<\/td><\/tr><tr><td><strong>Schriftf\u00fchrer<\/strong><\/td><td>Frau Fickert<\/td><\/tr><tr><td><strong>Beisitzer<\/strong><\/td><td>Herr Barthel<br>Herr Richter<br>Frau Oberschelp<\/td><\/tr><\/tbody><\/table><\/figure>\n","protected":false},"excerpt":{"rendered":"<p>R\u00f6hrsdorfer Kinderwelt e.V. Unser Verein R\u00f6hrsdorfer Kinderwelt e.V. ist eine Elterninitiative, die im November 1997 von 17 Mitgliedern gegr\u00fcndet wurde. Die Anerkennung als Tr\u00e4ger der freien Jungendhilfe erwarb sich unser Verein im Jahre 1998 und betreibt seit Januar 1999 die Kindertagesst\u00e4tte mit dem Kindergarten am Rathausplatz 6 und dem Hort im Grundschulgel\u00e4nde auf dem Beethovenweg [&hellip;]<\/p>\n","protected":false},"author":3,"featured_media":0,"parent":0,"menu_order":0,"comment_status":"closed","ping_status":"open","template":"","meta":{"footnotes":""},"class_list":["post-2","page","type-page","status-publish","hentry"],"_links":{"self":[{"href":"https:\/\/roehrsdorfer-kinderwelt.de\/index.php?rest_route=\/wp\/v2\/pages\/2","targetHints":{"allow":["GET"]}}],"collection":[{"href":"https:\/\/roehrsdorfer-kinderwelt.de\/index.php?rest_route=\/wp\/v2\/pages"}],"about":[{"href":"https:\/\/roehrsdorfer-kinderwelt.de\/index.php?rest_route=\/wp\/v2\/types\/page"}],"author":[{"embeddable":true,"href":"https:\/\/roehrsdorfer-kinderwelt.de\/index.php?rest_route=\/wp\/v2\/users\/3"}],"replies":[{"embeddable":true,"href":"https:\/\/roehrsdorfer-kinderwelt.de\/index.php?rest_route=%2Fwp%2Fv2%2Fcomments&post=2"}],"version-history":[{"count":132,"href":"https:\/\/roehrsdorfer-kinderwelt.de\/index.php?rest_route=\/wp\/v2\/pages\/2\/revisions"}],"predecessor-version":[{"id":12633,"href":"https:\/\/roehrsdorfer-kinderwelt.de\/index.php?rest_route=\/wp\/v2\/pages\/2\/revisions\/12633"}],"wp:attachment":[{"href":"https:\/\/roehrsdorfer-kinderwelt.de\/index.php?rest_route=%2Fwp%2Fv2%2Fmedia&parent=2"}],"curies":[{"name":"wp","href":"https:\/\/api.w.org\/{rel}","templated":true}]}}