{"id":269,"date":"2015-02-01T15:06:13","date_gmt":"2015-02-01T13:06:13","guid":{"rendered":"https:\/\/www.roehrsdorfer-kinderwelt.de\/?page_id=269"},"modified":"2017-09-06T21:38:54","modified_gmt":"2017-09-06T19:38:54","slug":"impressum","status":"publish","type":"page","link":"https:\/\/roehrsdorfer-kinderwelt.de\/?page_id=269","title":{"rendered":"Impressum"},"content":{"rendered":"<h1>Impressum<\/h1>\n<p style=\"text-align: center;\"><img loading=\"lazy\" decoding=\"async\" class=\"aligncenter wp-image-270 size-full\" src=\"https:\/\/www.roehrsdorfer-kinderwelt.de\/wp-content\/uploads\/2015\/02\/logo.png\" alt=\"logo\" width=\"575\" height=\"239\" srcset=\"https:\/\/roehrsdorfer-kinderwelt.de\/wp-content\/uploads\/2015\/02\/logo.png 575w, https:\/\/roehrsdorfer-kinderwelt.de\/wp-content\/uploads\/2015\/02\/logo-300x125.png 300w\" sizes=\"auto, (max-width: 575px) 100vw, 575px\" \/><\/p>\n<p style=\"text-align: center;\">Herausgeber:<\/p>\n<p style=\"text-align: center;\">R\u00f6hrsdorfer Kinderwelt e.V.<br \/>\nRathausplatz 6<br \/>\n09247 Chemnitz OT R\u00f6hrsdorf<\/p>\n<p style=\"text-align: center;\">Telefon KiTa: 03722-500756<br \/>\nTelefon Hort: 03722-6980636<br \/>\nFax: 03722-500754<\/p>\n<p style=\"text-align: center;\">E-Mail: Roehrsdorfer.Kinderwelt@t-online.de<br \/>\nHomepage: www.r\u00f6hrsdorfer-kinderwelt.de<\/p>\n<p style=\"text-align: center;\">Angaben zum Vereinsregister:<\/p>\n<p style=\"text-align: center;\">Registergericht: Amtsgericht Chemnitz<br \/>\nRegisternummer: VR 1897<\/p>\n<p style=\"text-align: center;\">Steuernummer: 21514001461 Finanzamt Chemnitz-Mitte<\/p>\n<p style=\"text-align: center;\">Webmaster: Christian Parthum<br \/>\nE-mail: admin@r\u00f6hrsdorfer-kinderwelt.de<\/p>\n<p style=\"text-align: center;\">Haftung f\u00fcr Links:<\/p>\n<p style=\"text-align: center;\">Diese Seite enth\u00e4lt Links zu externen Webseiten. Auf die Inhalte dieser Seiten haben wir keinen Einfluss. Deshalb k\u00f6nnen wir keine Gew\u00e4hr hierf\u00fcr \u00fcbernehmen. F\u00fcr die Inhalte der verlinkten Seiten ist der jeweilige Anbieter verantwortlich.<br \/>\nBei Bekanntwerden von Rechtsverletzungen werden wir diese Links umgehend entfernen.<\/p>\n<p style=\"text-align: center;\">Urheberrecht:<\/p>\n<p style=\"text-align: center;\">Die Ver\u00f6ffentlichungen auf diesen Seiten unterliegen dem deutschen Urheberrecht. Die Vervielf\u00e4ltigung, Bearbeitung, Verbreitung und jede Art der Verwertung au\u00dferhalb der Grenzen des Urheberrechtes bed\u00fcrfen der schriftlichen Zustimmung des jeweiligen Verfassers. Downloads und Kopien dieser Seite sind nur f\u00fcr den privaten, nicht kommerziellen Gebrauch gestattet.<\/p>\n","protected":false},"excerpt":{"rendered":"<p>Impressum Herausgeber: R\u00f6hrsdorfer Kinderwelt e.V. Rathausplatz 6 09247 Chemnitz OT R\u00f6hrsdorf Telefon KiTa: 03722-500756 Telefon Hort: 03722-6980636 Fax: 03722-500754 E-Mail: Roehrsdorfer.Kinderwelt@t-online.de Homepage: www.r\u00f6hrsdorfer-kinderwelt.de Angaben zum Vereinsregister: Registergericht: Amtsgericht Chemnitz Registernummer: VR 1897 Steuernummer: 21514001461 Finanzamt Chemnitz-Mitte Webmaster: Christian Parthum E-mail: admin@r\u00f6hrsdorfer-kinderwelt.de Haftung f\u00fcr Links: Diese Seite enth\u00e4lt Links zu externen Webseiten. Auf die Inhalte dieser [&hellip;]<\/p>\n","protected":false},"author":3,"featured_media":0,"parent":0,"menu_order":0,"comment_status":"closed","ping_status":"closed","template":"","meta":{"footnotes":""},"class_list":["post-269","page","type-page","status-publish","hentry"],"_links":{"self":[{"href":"https:\/\/roehrsdorfer-kinderwelt.de\/index.php?rest_route=\/wp\/v2\/pages\/269","targetHints":{"allow":["GET"]}}],"collection":[{"href":"https:\/\/roehrsdorfer-kinderwelt.de\/index.php?rest_route=\/wp\/v2\/pages"}],"about":[{"href":"https:\/\/roehrsdorfer-kinderwelt.de\/index.php?rest_route=\/wp\/v2\/types\/page"}],"author":[{"embeddable":true,"href":"https:\/\/roehrsdorfer-kinderwelt.de\/index.php?rest_route=\/wp\/v2\/users\/3"}],"replies":[{"embeddable":true,"href":"https:\/\/roehrsdorfer-kinderwelt.de\/index.php?rest_route=%2Fwp%2Fv2%2Fcomments&post=269"}],"version-history":[{"count":12,"href":"https:\/\/roehrsdorfer-kinderwelt.de\/index.php?rest_route=\/wp\/v2\/pages\/269\/revisions"}],"predecessor-version":[{"id":503,"href":"https:\/\/roehrsdorfer-kinderwelt.de\/index.php?rest_route=\/wp\/v2\/pages\/269\/revisions\/503"}],"wp:attachment":[{"href":"https:\/\/roehrsdorfer-kinderwelt.de\/index.php?rest_route=%2Fwp%2Fv2%2Fmedia&parent=269"}],"curies":[{"name":"wp","href":"https:\/\/api.w.org\/{rel}","templated":true}]}}