{"id":308,"date":"2015-02-01T16:18:50","date_gmt":"2015-02-01T14:18:50","guid":{"rendered":"https:\/\/www.roehrsdorfer-kinderwelt.de\/?page_id=308"},"modified":"2020-06-28T15:07:10","modified_gmt":"2020-06-28T13:07:10","slug":"kooperationspartner","status":"publish","type":"page","link":"https:\/\/roehrsdorfer-kinderwelt.de\/?page_id=308","title":{"rendered":"Kooperationspartner"},"content":{"rendered":"<h1>Unsere\u00a0Kooperationspartner<\/h1>\n<p>&nbsp;<\/p>\n<table style=\"width: 100%;\"><!-- Eintrag start --><\/p>\n<tbody>\n<tr>\n<th>Unternehmen<\/th>\n<th>Logo<\/th>\n<\/tr>\n<p><!-- Eintrag ende--> <!-- Eintrag start --><\/p>\n<tr>\n<td>Heimatverein R\u00f6hrsdorf e. V.<br \/>\nAlfred-Brehm-Stra\u00dfe 1<br \/>\n09247 Chemnitz \/ OT R\u00f6hrsdorf<\/td>\n<td><!-- LOGO --><\/td>\n<\/tr>\n<p><!-- Eintrag ende--> <!-- Eintrag start --><\/p>\n<tr>\n<td>Gefl\u00fcgelzuchtverein R\u00f6hrsdorf u. U. e. V.<br \/>\n09247 Chemnitz \/ OT R\u00f6hrsdorf<\/td>\n<td><!-- Logo --><\/td>\n<\/tr>\n<p><!-- Eintrag ende--> <!-- Eintrag start --><\/p>\n<tr>\n<td><a href=\"http:\/\/www.fv-roehrsdorf.de\" target=\"_blank\" rel=\"noopener noreferrer\">FV Blau-Wei\u00df R\u00f6hrsdorf 19 e. V.<\/a><br \/>\nBeethovenweg 63a<br \/>\n09247 Chemnitz OT R\u00f6hrsdorf<\/td>\n<td><img loading=\"lazy\" decoding=\"async\" class=\"aligncenter wp-image-309 size-medium\" src=\"https:\/\/www.roehrsdorfer-kinderwelt.de\/wp-content\/uploads\/2015\/02\/Fussballverein-300x139.jpg\" alt=\"Fussballverein\" width=\"300\" height=\"139\" srcset=\"https:\/\/roehrsdorfer-kinderwelt.de\/wp-content\/uploads\/2015\/02\/Fussballverein-300x139.jpg 300w, https:\/\/roehrsdorfer-kinderwelt.de\/wp-content\/uploads\/2015\/02\/Fussballverein.jpg 355w\" sizes=\"auto, (max-width: 300px) 100vw, 300px\" \/><\/td>\n<\/tr>\n<p><!-- Eintrag ende--> <!-- Eintrag start --><\/p>\n<tr>\n<td><a href=\"http:\/\/www.sfv-roehrsdorf.de\/\" target=\"_blank\" rel=\"noopener noreferrer\">Schulf\u00f6rderverein<\/a><br \/>\nBeethovenweg 44<br \/>\n09247 Chemnitz \/ OT R\u00f6hrsdorf<\/td>\n<td><img loading=\"lazy\" decoding=\"async\" class=\"size-full wp-image-8335 aligncenter\" src=\"https:\/\/www.roehrsdorfer-kinderwelt.de\/wp-content\/uploads\/2019\/08\/logo_sfvr.png\" alt=\"\" width=\"253\" height=\"100\" \/><\/td>\n<\/tr>\n<p><!-- Eintrag ende--> <!-- Eintrag start --><\/p>\n<tr>\n<td><a href=\"https:\/\/cms.sachsen.schule\/gsroehrsdorf\/unsere-schule\/\" target=\"_blank\" rel=\"noopener noreferrer\">Grundschule R\u00f6hrsdorf<\/a><br \/>\nBeethovenweg 44<br \/>\n09247 Chemnitz \/ OT R\u00f6hrsdorf<\/td>\n<td><!-- Logo --><\/td>\n<\/tr>\n<p><!-- Eintrag ende--> <!-- Eintrag start --><\/p>\n<tr>\n<td><a href=\"http:\/\/www.kirchgemeinde-roehrsdorf.blogspot.com\/\" target=\"_blank\" rel=\"noopener noreferrer\">Ev.-Luth. Kirchgemeinde R\u00f6hrsdorf<\/a><br \/>\nKirchberg 1<br \/>\n09247 Chemnitz \/ OT R\u00f6hrsdorf<\/td>\n<td><!-- Logo --><\/td>\n<\/tr>\n<p><!-- Eintrag ende--> <!-- Eintrag start --><\/p>\n<tr>\n<td><a href=\"http:\/\/www.reitverein-roehrsdorf.de\" target=\"_blank\" rel=\"noopener noreferrer\">Reit- und Fahrverein e. V.<\/a><br \/>\nGoetheweg 28<br \/>\n09247 Chemnitz \/ OT R\u00f6hrsdorf<\/td>\n<td><!-- Logo --><img loading=\"lazy\" decoding=\"async\" class=\"aligncenter wp-image-8355\" src=\"https:\/\/www.roehrsdorfer-kinderwelt.de\/wp-content\/uploads\/2019\/08\/logo_rfvr.png\" alt=\"\" width=\"305\" height=\"150\" srcset=\"https:\/\/roehrsdorfer-kinderwelt.de\/wp-content\/uploads\/2019\/08\/logo_rfvr.png 999w, https:\/\/roehrsdorfer-kinderwelt.de\/wp-content\/uploads\/2019\/08\/logo_rfvr-300x147.png 300w, https:\/\/roehrsdorfer-kinderwelt.de\/wp-content\/uploads\/2019\/08\/logo_rfvr-768x377.png 768w\" sizes=\"auto, (max-width: 305px) 100vw, 305px\" \/><\/td>\n<\/tr>\n<p><!-- Eintrag ende--> <!-- Eintrag start --><\/p>\n<tr>\n<td><a href=\"https:\/\/www.drk-chemnitzer-umland.de\/Club_95\" target=\"_blank\" rel=\"noopener noreferrer\">Club 95<\/a><br \/>\nJugendclub<br \/>\nBeethovenweg 44<br \/>\n09247 Chemnitz \/ OT R\u00f6hrsdorf<\/td>\n<td><!-- Logo --><\/td>\n<\/tr>\n<p><!-- Eintrag ende--><\/tbody>\n<\/table>\n","protected":false},"excerpt":{"rendered":"<p>Unsere\u00a0Kooperationspartner &nbsp; Unternehmen Logo Heimatverein R\u00f6hrsdorf e. V. Alfred-Brehm-Stra\u00dfe 1 09247 Chemnitz \/ OT R\u00f6hrsdorf Gefl\u00fcgelzuchtverein R\u00f6hrsdorf u. U. e. V. 09247 Chemnitz \/ OT R\u00f6hrsdorf FV Blau-Wei\u00df R\u00f6hrsdorf 19 e. V. Beethovenweg 63a 09247 Chemnitz OT R\u00f6hrsdorf Schulf\u00f6rderverein Beethovenweg 44 09247 Chemnitz \/ OT R\u00f6hrsdorf Grundschule R\u00f6hrsdorf Beethovenweg 44 09247 Chemnitz \/ OT R\u00f6hrsdorf [&hellip;]<\/p>\n","protected":false},"author":3,"featured_media":0,"parent":0,"menu_order":0,"comment_status":"closed","ping_status":"closed","template":"","meta":{"footnotes":""},"class_list":["post-308","page","type-page","status-publish","hentry"],"_links":{"self":[{"href":"https:\/\/roehrsdorfer-kinderwelt.de\/index.php?rest_route=\/wp\/v2\/pages\/308","targetHints":{"allow":["GET"]}}],"collection":[{"href":"https:\/\/roehrsdorfer-kinderwelt.de\/index.php?rest_route=\/wp\/v2\/pages"}],"about":[{"href":"https:\/\/roehrsdorfer-kinderwelt.de\/index.php?rest_route=\/wp\/v2\/types\/page"}],"author":[{"embeddable":true,"href":"https:\/\/roehrsdorfer-kinderwelt.de\/index.php?rest_route=\/wp\/v2\/users\/3"}],"replies":[{"embeddable":true,"href":"https:\/\/roehrsdorfer-kinderwelt.de\/index.php?rest_route=%2Fwp%2Fv2%2Fcomments&post=308"}],"version-history":[{"count":11,"href":"https:\/\/roehrsdorfer-kinderwelt.de\/index.php?rest_route=\/wp\/v2\/pages\/308\/revisions"}],"predecessor-version":[{"id":12304,"href":"https:\/\/roehrsdorfer-kinderwelt.de\/index.php?rest_route=\/wp\/v2\/pages\/308\/revisions\/12304"}],"wp:attachment":[{"href":"https:\/\/roehrsdorfer-kinderwelt.de\/index.php?rest_route=%2Fwp%2Fv2%2Fmedia&parent=308"}],"curies":[{"name":"wp","href":"https:\/\/api.w.org\/{rel}","templated":true}]}}